{"id":368035,"date":"2026-02-17T10:30:55","date_gmt":"2026-02-17T10:30:55","guid":{"rendered":"https:\/\/www.a2m-diffusion.com\/?page_id=368035"},"modified":"2026-03-19T06:51:17","modified_gmt":"2026-03-19T06:51:17","slug":"les-aides-de-l-etat","status":"publish","type":"page","link":"https:\/\/www.a2m-diffusion.com\/index.php\/les-aides-de-l-etat\/","title":{"rendered":"Les aides financi\u00e8res de l&#8217;Etat"},"content":{"rendered":"\t\t<div data-elementor-type=\"wp-page\" data-elementor-id=\"368035\" class=\"elementor elementor-368035\" data-elementor-post-type=\"page\">\n\t\t\t\t\t\t\t<div class=\"elementor-element elementor-element-716bde2 e-flex e-con-boxed e-con e-parent\" data-id=\"716bde2\" data-element_type=\"container\" data-settings=\"{&quot;content_width&quot;:&quot;boxed&quot;}\" data-core-v316-plus=\"true\">\n\t\t\t\t\t<div class=\"e-con-inner\">\n\t\t\t\t<div class=\"elementor-element elementor-element-5215695 elementor-widget elementor-widget-text-editor\" data-id=\"5215695\" data-element_type=\"widget\" data-widget_type=\"text-editor.default\">\n\t\t\t\t<div class=\"elementor-widget-container\">\n\t\t\t\t\t\t\t<p>Vous pouvez b\u00e9n\u00e9ficier de plusieurs subventions simultan\u00e9ment mais pas les cumuler sur un m\u00eame bien. A vous de choisir la subvention la mieux adapt\u00e9e !<\/p><p>Nous pouvons \u00e9galement vous orienter, afin d&#8217;optimiser le financement de votre modernisation, vers des aides locales ou r\u00e9gionales.<\/p>\t\t\t\t\t\t<\/div>\n\t\t\t\t<\/div>\n\t\t\t\t\t<\/div>\n\t\t\t\t<\/div>\n\t\t<div class=\"elementor-element elementor-element-8ebc186 e-flex e-con-boxed e-con e-parent\" data-id=\"8ebc186\" data-element_type=\"container\" data-settings=\"{&quot;content_width&quot;:&quot;boxed&quot;}\" data-core-v316-plus=\"true\">\n\t\t\t\t\t<div class=\"e-con-inner\">\n\t\t<div class=\"elementor-element elementor-element-fe60cbe e-con-full e-flex e-con e-child\" data-id=\"fe60cbe\" data-element_type=\"container\" data-settings=\"{&quot;content_width&quot;:&quot;full&quot;}\">\n\t\t\t\t<div class=\"elementor-element elementor-element-5c67af4 elementor-widget elementor-widget-heading\" data-id=\"5c67af4\" data-element_type=\"widget\" data-widget_type=\"heading.default\">\n\t\t\t\t<div class=\"elementor-widget-container\">\n\t\t\t<h2 class=\"elementor-heading-title elementor-size-default\"><strong>Aide \u00e0 la modernisation des diffuseurs de presse<\/strong><\/h2>\t\t<\/div>\n\t\t\t\t<\/div>\n\t\t\t\t<div class=\"elementor-element elementor-element-ff14759 elementor-widget elementor-widget-text-editor\" data-id=\"ff14759\" data-element_type=\"widget\" data-widget_type=\"text-editor.default\">\n\t\t\t\t<div class=\"elementor-widget-container\">\n\t\t\t\t\t\t\t<p>Pour les <strong>sp\u00e9cialistes en petite superficie<\/strong>, vous devez disposer d&#8217;une surface de vente totale de <strong>30m2,<\/strong>\u00a0poss\u00e9der <strong>50 m\u00e8tres lin\u00e9aires d\u00e9velopp\u00e9s<\/strong> consacr\u00e9s \u00e0 la Presse et r\u00e9aliser un chiffres d&#8217;affaires &gt; <strong>90 000\u20ac\u00a0<\/strong>pour pouvoir b\u00e9n\u00e9ficier de l&#8217;aide.<\/p><p>Pour les <strong>autres diffuseurs<\/strong>, vous devez respecter un <strong>ratio Presse \/ Superficie\u00a0totale<\/strong> du magasin (<strong>25 \u00e0 45%<\/strong> selon surface au sol), ne pas r\u00e9duire les m\u00e8tres lin\u00e9aires d\u00e9velopp\u00e9s de vente de Presse et respecter des d&#8217;horaires d&#8217;ouvertures pr\u00e9cises du point de vente.<\/p>\t\t\t\t\t\t<\/div>\n\t\t\t\t<\/div>\n\t\t\t\t<div class=\"elementor-element elementor-element-5d49d00 elementor-widget elementor-widget-image\" data-id=\"5d49d00\" data-element_type=\"widget\" data-widget_type=\"image.default\">\n\t\t\t\t<div class=\"elementor-widget-container\">\n\t\t\t\t\t\t\t\t\t\t\t\t\t\t\t<img decoding=\"async\" src=\"https:\/\/www.a2m-diffusion.com\/wp-content\/uploads\/elementor\/thumbs\/gradin-tabac-totem-metz-qp2uz0gbtxwzcth22bkdooh4vxuba2mpc3xkaqpj2c.png\" title=\"gradin-tabac-totem-metz\" alt=\"gradin-tabac-totem-metz \/ a2m diffusion\" loading=\"lazy\" \/>\t\t\t\t\t\t\t\t\t\t\t\t\t\t\t<\/div>\n\t\t\t\t<\/div>\n\t\t\t\t<div class=\"elementor-element elementor-element-1906016 elementor-widget elementor-widget-text-editor\" data-id=\"1906016\" data-element_type=\"widget\" data-widget_type=\"text-editor.default\">\n\t\t\t\t<div class=\"elementor-widget-container\">\n\t\t\t\t\t\t\t<p>La modernisation de votre <strong>espace de vente Presse<\/strong> peut \u00eatre pris en charge jusqu&#8217;\u00e0 <strong>70%<\/strong>, pour un maximum de <strong>11 200\u20ac HT<\/strong>. (<strong>40%<\/strong> dans le cas d&#8217;une diminution jusqu&#8217;\u00e0 <strong>10%<\/strong> des m\u00e8tres lin\u00e9aires d\u00e9velopp\u00e9s de votre espace presse. <em>Au del\u00e0 des 10% l&#8217;aide est invalid\u00e9e<\/em>).<\/p><p>La modernisation de votre <strong>mat\u00e9riel informatique<\/strong> peut \u00e9galement \u00eatre subventionn\u00e9 jusqu&#8217;\u00e0 <strong>80%<\/strong>, pour un maximum de <strong>9 000\u20ac HT<\/strong>.<\/p><p><em>Retrouvez toutes les informations ainsi qu&#8217;un outils de simulation de l&#8217;aide sur le site du <a href=\"https:\/\/aide-diffuseurs-presse.fr\/\">minist\u00e8re de la culture<\/a>.<\/em><\/p>\t\t\t\t\t\t<\/div>\n\t\t\t\t<\/div>\n\t\t\t\t<\/div>\n\t\t<div class=\"elementor-element elementor-element-c878773 e-con-full e-flex e-con e-child\" data-id=\"c878773\" data-element_type=\"container\" data-settings=\"{&quot;content_width&quot;:&quot;full&quot;}\">\n\t\t<div class=\"elementor-element elementor-element-438e0ae e-flex e-con-boxed e-con e-child\" data-id=\"438e0ae\" data-element_type=\"container\" data-settings=\"{&quot;content_width&quot;:&quot;boxed&quot;}\">\n\t\t\t\t\t<div class=\"e-con-inner\">\n\t\t\t\t<div class=\"elementor-element elementor-element-f0b07de elementor-widget elementor-widget-heading\" data-id=\"f0b07de\" data-element_type=\"widget\" data-widget_type=\"heading.default\">\n\t\t\t\t<div class=\"elementor-widget-container\">\n\t\t\t<h2 class=\"elementor-heading-title elementor-size-default\"><strong>Aide \u00e0 la transformation des d\u00e9bits de tabac<\/strong><\/h2>\t\t<\/div>\n\t\t\t\t<\/div>\n\t\t\t\t<div class=\"elementor-element elementor-element-6eff536 elementor-widget elementor-widget-text-editor\" data-id=\"6eff536\" data-element_type=\"widget\" data-widget_type=\"text-editor.default\">\n\t\t\t\t<div class=\"elementor-widget-container\">\n\t\t\t\t\t\t\t<p data-elementor-setting-key=\"title\" data-pen-placeholder=\"\u00c9crivez ici...\">L\u2019aide \u00e0 la transformation peut repr\u00e9senter jusqu&#8217;\u00e0 <strong>50%*<\/strong>\u00a0et <strong>33 000\u20ac<\/strong> du montant\u00a0total des <strong>d\u00e9penses<\/strong> hors taxes \u00e9ligibles engag\u00e9es par un d\u00e9bitant<strong> pour la transformation<\/strong> de son d\u00e9bit. (*Lorsque le\u00a0chiffre d\u2019affaires tabacs de l\u2019ann\u00e9e pr\u00e9c\u00e9dant la demande d\u2019aide est inf\u00e9rieur \u00e0 <strong>500\u00a0000\u00a0euros)<\/strong>.\u00a0<\/p><p data-elementor-setting-key=\"title\" data-pen-placeholder=\"\u00c9crivez ici...\">En cas de chiffre d&#8217;affaires sup\u00e9rieur, l&#8217;aide peut aller jusqu&#8217;\u00e0 <strong>30%<\/strong>.<\/p><p data-elementor-setting-key=\"title\" data-pen-placeholder=\"\u00c9crivez ici...\"><em>Retrouvez tous les documents et infos sur le site de la <a href=\"https:\/\/www.buralistes.fr\/la-transformation-du-reseau-des-buralistes\">conf\u00e9d\u00e9ration des buralistes<\/a>.<\/em><\/p>\t\t\t\t\t\t<\/div>\n\t\t\t\t<\/div>\n\t\t\t\t<div class=\"elementor-element elementor-element-127e070 elementor-position-left elementor-vertical-align-middle elementor-widget elementor-widget-image-box\" data-id=\"127e070\" data-element_type=\"widget\" data-widget_type=\"image-box.default\">\n\t\t\t\t<div class=\"elementor-widget-container\">\n\t\t\t<div class=\"elementor-image-box-wrapper\"><figure class=\"elementor-image-box-img\"><a href=\"https:\/\/www.boutique.a2m-diffusion.com\/shop\/signaletique\" tabindex=\"-1\"><img fetchpriority=\"high\" decoding=\"async\" width=\"400\" height=\"300\" src=\"https:\/\/www.a2m-diffusion.com\/wp-content\/uploads\/2025\/10\/1.png\" class=\"elementor-animation-grow attachment-full size-full wp-image-349184\" alt=\"\" srcset=\"https:\/\/www.a2m-diffusion.com\/wp-content\/uploads\/2025\/10\/1.png 400w, https:\/\/www.a2m-diffusion.com\/wp-content\/uploads\/2025\/10\/1-300x225.png 300w\" sizes=\"(max-width: 400px) 100vw, 400px\" \/><\/a><\/figure><div class=\"elementor-image-box-content\"><h2 class=\"elementor-image-box-title\"><a href=\"https:\/\/www.boutique.a2m-diffusion.com\/shop\/signaletique\">Nouvelle Carotte Tabac<\/a><\/h2><p class=\"elementor-image-box-description\">Dans le cadre de l'aide \u00e0 la transformation, la Nouvelle Carotte Tabac est <span style=\"font-weight: bold;\">100% rembours\u00e9e !<\/span><\/p><\/div><\/div>\t\t<\/div>\n\t\t\t\t<\/div>\n\t\t\t\t<div class=\"elementor-element elementor-element-053f753 elementor-widget elementor-widget-spacer\" data-id=\"053f753\" data-element_type=\"widget\" data-widget_type=\"spacer.default\">\n\t\t\t\t<div class=\"elementor-widget-container\">\n\t\t\t\t\t<div class=\"elementor-spacer\">\n\t\t\t<div class=\"elementor-spacer-inner\"><\/div>\n\t\t<\/div>\n\t\t\t\t<\/div>\n\t\t\t\t<\/div>\n\t\t\t\t<div class=\"elementor-element elementor-element-7ecd1b2 elementor-widget elementor-widget-heading\" data-id=\"7ecd1b2\" data-element_type=\"widget\" data-widget_type=\"heading.default\">\n\t\t\t\t<div class=\"elementor-widget-container\">\n\t\t\t<h2 class=\"elementor-heading-title elementor-size-default\"><strong>Aide \u00e0 la s\u00e9curit\u00e9 des d\u00e9bits de tabac<\/strong><\/h2>\t\t<\/div>\n\t\t\t\t<\/div>\n\t\t\t\t<div class=\"elementor-element elementor-element-e4f0a66 elementor-widget elementor-widget-text-editor\" data-id=\"e4f0a66\" data-element_type=\"widget\" data-widget_type=\"text-editor.default\">\n\t\t\t\t<div class=\"elementor-widget-container\">\n\t\t\t\t\t\t\t<p>Acquisition, remplacement, installation de mat\u00e9riels destin\u00e9s \u00e0 <strong>s\u00e9curiser le local professionnel<\/strong> (alarme, vid\u00e9osurveillance etc.) ou \u00e0 baliser le transport de fonds ou de tabacs. L&#8217;aide peut aller jusqu&#8217;\u00e0 <strong>10.000\u20ac<\/strong>* renouvelable tous les <strong>5 ans<\/strong>.<\/p><p>(<em>*en cas de renouvellement d&#8217;alarme sonore ou de vid\u00e9osurveillance, l&#8217;aide est plafonn\u00e9e \u00e0 2.500\u20ac<\/em>)<\/p><p><em>Retrouvez plus d&#8217;infos sur le site <a href=\"https:\/\/www.douane.gouv.fr\/fiche\/aide-la-securite-des-debits-de-tabac\" target=\"_blank\" rel=\"noopener\">des Douanes<\/a>.<\/em><\/p>\t\t\t\t\t\t<\/div>\n\t\t\t\t<\/div>\n\t\t\t\t\t<\/div>\n\t\t\t\t<\/div>\n\t\t<div class=\"elementor-element elementor-element-e704175 e-flex e-con-boxed e-con e-child\" data-id=\"e704175\" data-element_type=\"container\" data-settings=\"{&quot;content_width&quot;:&quot;boxed&quot;}\">\n\t\t\t\t\t<div class=\"e-con-inner\">\n\t\t\t\t<div class=\"elementor-element elementor-element-625d8ca elementor-widget elementor-widget-text-editor\" data-id=\"625d8ca\" data-element_type=\"widget\" data-widget_type=\"text-editor.default\">\n\t\t\t\t<div class=\"elementor-widget-container\">\n\t\t\t\t\t\t\t<p>Connaissez-vous vos aides r\u00e9gionales ? Si vous souhaitez recevoir les infos gratuitement, <a href=\"https:\/\/www.a2m-diffusion.com\/index.php\/contact\/\"><strong>envoyez nous un e-mail.<\/strong><\/a><\/p>\t\t\t\t\t\t<\/div>\n\t\t\t\t<\/div>\n\t\t\t\t\t<\/div>\n\t\t\t\t<\/div>\n\t\t\t\t<\/div>\n\t\t\t\t\t<\/div>\n\t\t\t\t<\/div>\n\t\t<div class=\"elementor-element elementor-element-0224812 e-flex e-con-boxed e-con e-parent\" data-id=\"0224812\" data-element_type=\"container\" data-settings=\"{&quot;content_width&quot;:&quot;boxed&quot;}\" data-core-v316-plus=\"true\">\n\t\t\t\t\t<div class=\"e-con-inner\">\n\t\t\t\t<div class=\"elementor-element elementor-element-697799d elementor-widget elementor-widget-text-editor\" data-id=\"697799d\" data-element_type=\"widget\" data-widget_type=\"text-editor.default\">\n\t\t\t\t<div class=\"elementor-widget-container\">\n\t\t\t\t\t\t\t\t\t\t\t\t\t<\/div>\n\t\t\t\t<\/div>\n\t\t\t\t\t<\/div>\n\t\t\t\t<\/div>\n\t\t\t\t\t\t\t<\/div>\n\t\t","protected":false},"excerpt":{"rendered":"<p>Vous pouvez b\u00e9n\u00e9ficier de plusieurs subventions simultan\u00e9ment mais pas les cumuler sur un m\u00eame bien. A vous de choisir la subvention la mieux adapt\u00e9e ! Nous pouvons \u00e9galement vous orienter, afin d&#8217;optimiser le financement de votre modernisation, vers des aides locales ou r\u00e9gionales. Aide \u00e0 la modernisation des diffuseurs de presse Pour les sp\u00e9cialistes en [&hellip;]<\/p>\n","protected":false},"author":1,"featured_media":0,"parent":0,"menu_order":0,"comment_status":"closed","ping_status":"closed","template":"","meta":{"_eb_attr":"","_monsterinsights_skip_tracking":false,"_monsterinsights_sitenote_active":false,"_monsterinsights_sitenote_note":"","_monsterinsights_sitenote_category":0,"footnotes":""},"yoast_head":"<!-- This site is optimized with the Yoast SEO plugin v22.8 - https:\/\/yoast.com\/wordpress\/plugins\/seo\/ -->\n<title>Les aides financi\u00e8res de l&#039;Etat - A2m Diffusion<\/title>\n<meta name=\"description\" content=\"Conditions d&#039;obtention des subventions, aides \u00e0 la modernisation ou \u00e0 la transformation des tabacs presse.\" \/>\n<meta name=\"robots\" content=\"index, follow, max-snippet:-1, max-image-preview:large, max-video-preview:-1\" \/>\n<link rel=\"canonical\" href=\"https:\/\/www.a2m-diffusion.com\/index.php\/les-aides-de-l-etat\/\" \/>\n<meta property=\"og:locale\" content=\"fr_FR\" \/>\n<meta property=\"og:type\" content=\"article\" \/>\n<meta property=\"og:title\" content=\"Les aides financi\u00e8res de l&#039;Etat - A2m Diffusion\" \/>\n<meta property=\"og:description\" content=\"Conditions d&#039;obtention des subventions, aides \u00e0 la modernisation ou \u00e0 la transformation des tabacs presse.\" \/>\n<meta property=\"og:url\" content=\"https:\/\/www.a2m-diffusion.com\/index.php\/les-aides-de-l-etat\/\" \/>\n<meta property=\"og:site_name\" content=\"A2m Diffusion\" \/>\n<meta property=\"article:publisher\" content=\"https:\/\/www.facebook.com\/A2MDiffusionAgencement\" \/>\n<meta property=\"article:modified_time\" content=\"2026-03-19T06:51:17+00:00\" \/>\n<meta property=\"og:image\" content=\"https:\/\/www.a2m-diffusion.com\/wp-content\/uploads\/elementor\/thumbs\/gradin-tabac-totem-metz-qp2uz0gbtxwzcth22bkdooh4vxuba2mpc3xkaqpj2c.png\" \/>\n<meta name=\"twitter:card\" content=\"summary_large_image\" \/>\n<meta name=\"twitter:site\" content=\"@A2mDiffusion\" \/>\n<meta name=\"twitter:label1\" content=\"Dur\u00e9e de lecture estim\u00e9e\" \/>\n\t<meta name=\"twitter:data1\" content=\"3 minutes\" \/>\n<script type=\"application\/ld+json\" class=\"yoast-schema-graph\">{\"@context\":\"https:\/\/schema.org\",\"@graph\":[{\"@type\":\"WebPage\",\"@id\":\"https:\/\/www.a2m-diffusion.com\/index.php\/les-aides-de-l-etat\/\",\"url\":\"https:\/\/www.a2m-diffusion.com\/index.php\/les-aides-de-l-etat\/\",\"name\":\"Les aides financi\u00e8res de l'Etat - A2m Diffusion\",\"isPartOf\":{\"@id\":\"https:\/\/www.a2m-diffusion.com\/#website\"},\"primaryImageOfPage\":{\"@id\":\"https:\/\/www.a2m-diffusion.com\/index.php\/les-aides-de-l-etat\/#primaryimage\"},\"image\":{\"@id\":\"https:\/\/www.a2m-diffusion.com\/index.php\/les-aides-de-l-etat\/#primaryimage\"},\"thumbnailUrl\":\"https:\/\/www.a2m-diffusion.com\/wp-content\/uploads\/elementor\/thumbs\/gradin-tabac-totem-metz-qp2uz0gbtxwzcth22bkdooh4vxuba2mpc3xkaqpj2c.png\",\"datePublished\":\"2026-02-17T10:30:55+00:00\",\"dateModified\":\"2026-03-19T06:51:17+00:00\",\"description\":\"Conditions d'obtention des subventions, aides \u00e0 la modernisation ou \u00e0 la transformation des tabacs presse.\",\"breadcrumb\":{\"@id\":\"https:\/\/www.a2m-diffusion.com\/index.php\/les-aides-de-l-etat\/#breadcrumb\"},\"inLanguage\":\"fr-FR\",\"potentialAction\":[{\"@type\":\"ReadAction\",\"target\":[\"https:\/\/www.a2m-diffusion.com\/index.php\/les-aides-de-l-etat\/\"]}]},{\"@type\":\"ImageObject\",\"inLanguage\":\"fr-FR\",\"@id\":\"https:\/\/www.a2m-diffusion.com\/index.php\/les-aides-de-l-etat\/#primaryimage\",\"url\":\"https:\/\/www.a2m-diffusion.com\/wp-content\/uploads\/elementor\/thumbs\/gradin-tabac-totem-metz-qp2uz0gbtxwzcth22bkdooh4vxuba2mpc3xkaqpj2c.png\",\"contentUrl\":\"https:\/\/www.a2m-diffusion.com\/wp-content\/uploads\/elementor\/thumbs\/gradin-tabac-totem-metz-qp2uz0gbtxwzcth22bkdooh4vxuba2mpc3xkaqpj2c.png\"},{\"@type\":\"BreadcrumbList\",\"@id\":\"https:\/\/www.a2m-diffusion.com\/index.php\/les-aides-de-l-etat\/#breadcrumb\",\"itemListElement\":[{\"@type\":\"ListItem\",\"position\":1,\"name\":\"Accueil\",\"item\":\"https:\/\/www.a2m-diffusion.com\/\"},{\"@type\":\"ListItem\",\"position\":2,\"name\":\"Les aides financi\u00e8res de l&#8217;Etat\"}]},{\"@type\":\"WebSite\",\"@id\":\"https:\/\/www.a2m-diffusion.com\/#website\",\"url\":\"https:\/\/www.a2m-diffusion.com\/\",\"name\":\"A2m Diffusion\",\"description\":\"Am\u00e9liorons ensemble votre quotidien\",\"publisher\":{\"@id\":\"https:\/\/www.a2m-diffusion.com\/#organization\"},\"potentialAction\":[{\"@type\":\"SearchAction\",\"target\":{\"@type\":\"EntryPoint\",\"urlTemplate\":\"https:\/\/www.a2m-diffusion.com\/?s={search_term_string}\"},\"query-input\":\"required name=search_term_string\"}],\"inLanguage\":\"fr-FR\"},{\"@type\":\"Organization\",\"@id\":\"https:\/\/www.a2m-diffusion.com\/#organization\",\"name\":\"A2m Diffusion\",\"url\":\"https:\/\/www.a2m-diffusion.com\/\",\"logo\":{\"@type\":\"ImageObject\",\"inLanguage\":\"fr-FR\",\"@id\":\"https:\/\/www.a2m-diffusion.com\/#\/schema\/logo\/image\/\",\"url\":\"https:\/\/www.a2m-diffusion.com\/wp-content\/uploads\/2020\/10\/Logo-A2M.png\",\"contentUrl\":\"https:\/\/www.a2m-diffusion.com\/wp-content\/uploads\/2020\/10\/Logo-A2M.png\",\"width\":3821,\"height\":2801,\"caption\":\"A2m Diffusion\"},\"image\":{\"@id\":\"https:\/\/www.a2m-diffusion.com\/#\/schema\/logo\/image\/\"},\"sameAs\":[\"https:\/\/www.facebook.com\/A2MDiffusionAgencement\",\"https:\/\/x.com\/A2mDiffusion\",\"https:\/\/www.instagram.com\/a2mdiffusion\/?hl=fr\",\"https:\/\/www.linkedin.com\/in\/\u00e9ric-martin-829b1942\/\",\"https:\/\/www.youtube.com\/channel\/UCri83d2EzZPZKZzZQSWnNVw\"]}]}<\/script>\n<!-- \/ Yoast SEO plugin. -->","yoast_head_json":{"title":"Les aides financi\u00e8res de l'Etat - A2m Diffusion","description":"Conditions d'obtention des subventions, aides \u00e0 la modernisation ou \u00e0 la transformation des tabacs presse.","robots":{"index":"index","follow":"follow","max-snippet":"max-snippet:-1","max-image-preview":"max-image-preview:large","max-video-preview":"max-video-preview:-1"},"canonical":"https:\/\/www.a2m-diffusion.com\/index.php\/les-aides-de-l-etat\/","og_locale":"fr_FR","og_type":"article","og_title":"Les aides financi\u00e8res de l'Etat - A2m Diffusion","og_description":"Conditions d'obtention des subventions, aides \u00e0 la modernisation ou \u00e0 la transformation des tabacs presse.","og_url":"https:\/\/www.a2m-diffusion.com\/index.php\/les-aides-de-l-etat\/","og_site_name":"A2m Diffusion","article_publisher":"https:\/\/www.facebook.com\/A2MDiffusionAgencement","article_modified_time":"2026-03-19T06:51:17+00:00","og_image":[{"url":"https:\/\/www.a2m-diffusion.com\/wp-content\/uploads\/elementor\/thumbs\/gradin-tabac-totem-metz-qp2uz0gbtxwzcth22bkdooh4vxuba2mpc3xkaqpj2c.png"}],"twitter_card":"summary_large_image","twitter_site":"@A2mDiffusion","twitter_misc":{"Dur\u00e9e de lecture estim\u00e9e":"3 minutes"},"schema":{"@context":"https:\/\/schema.org","@graph":[{"@type":"WebPage","@id":"https:\/\/www.a2m-diffusion.com\/index.php\/les-aides-de-l-etat\/","url":"https:\/\/www.a2m-diffusion.com\/index.php\/les-aides-de-l-etat\/","name":"Les aides financi\u00e8res de l'Etat - A2m Diffusion","isPartOf":{"@id":"https:\/\/www.a2m-diffusion.com\/#website"},"primaryImageOfPage":{"@id":"https:\/\/www.a2m-diffusion.com\/index.php\/les-aides-de-l-etat\/#primaryimage"},"image":{"@id":"https:\/\/www.a2m-diffusion.com\/index.php\/les-aides-de-l-etat\/#primaryimage"},"thumbnailUrl":"https:\/\/www.a2m-diffusion.com\/wp-content\/uploads\/elementor\/thumbs\/gradin-tabac-totem-metz-qp2uz0gbtxwzcth22bkdooh4vxuba2mpc3xkaqpj2c.png","datePublished":"2026-02-17T10:30:55+00:00","dateModified":"2026-03-19T06:51:17+00:00","description":"Conditions d'obtention des subventions, aides \u00e0 la modernisation ou \u00e0 la transformation des tabacs presse.","breadcrumb":{"@id":"https:\/\/www.a2m-diffusion.com\/index.php\/les-aides-de-l-etat\/#breadcrumb"},"inLanguage":"fr-FR","potentialAction":[{"@type":"ReadAction","target":["https:\/\/www.a2m-diffusion.com\/index.php\/les-aides-de-l-etat\/"]}]},{"@type":"ImageObject","inLanguage":"fr-FR","@id":"https:\/\/www.a2m-diffusion.com\/index.php\/les-aides-de-l-etat\/#primaryimage","url":"https:\/\/www.a2m-diffusion.com\/wp-content\/uploads\/elementor\/thumbs\/gradin-tabac-totem-metz-qp2uz0gbtxwzcth22bkdooh4vxuba2mpc3xkaqpj2c.png","contentUrl":"https:\/\/www.a2m-diffusion.com\/wp-content\/uploads\/elementor\/thumbs\/gradin-tabac-totem-metz-qp2uz0gbtxwzcth22bkdooh4vxuba2mpc3xkaqpj2c.png"},{"@type":"BreadcrumbList","@id":"https:\/\/www.a2m-diffusion.com\/index.php\/les-aides-de-l-etat\/#breadcrumb","itemListElement":[{"@type":"ListItem","position":1,"name":"Accueil","item":"https:\/\/www.a2m-diffusion.com\/"},{"@type":"ListItem","position":2,"name":"Les aides financi\u00e8res de l&#8217;Etat"}]},{"@type":"WebSite","@id":"https:\/\/www.a2m-diffusion.com\/#website","url":"https:\/\/www.a2m-diffusion.com\/","name":"A2m Diffusion","description":"Am\u00e9liorons ensemble votre quotidien","publisher":{"@id":"https:\/\/www.a2m-diffusion.com\/#organization"},"potentialAction":[{"@type":"SearchAction","target":{"@type":"EntryPoint","urlTemplate":"https:\/\/www.a2m-diffusion.com\/?s={search_term_string}"},"query-input":"required name=search_term_string"}],"inLanguage":"fr-FR"},{"@type":"Organization","@id":"https:\/\/www.a2m-diffusion.com\/#organization","name":"A2m Diffusion","url":"https:\/\/www.a2m-diffusion.com\/","logo":{"@type":"ImageObject","inLanguage":"fr-FR","@id":"https:\/\/www.a2m-diffusion.com\/#\/schema\/logo\/image\/","url":"https:\/\/www.a2m-diffusion.com\/wp-content\/uploads\/2020\/10\/Logo-A2M.png","contentUrl":"https:\/\/www.a2m-diffusion.com\/wp-content\/uploads\/2020\/10\/Logo-A2M.png","width":3821,"height":2801,"caption":"A2m Diffusion"},"image":{"@id":"https:\/\/www.a2m-diffusion.com\/#\/schema\/logo\/image\/"},"sameAs":["https:\/\/www.facebook.com\/A2MDiffusionAgencement","https:\/\/x.com\/A2mDiffusion","https:\/\/www.instagram.com\/a2mdiffusion\/?hl=fr","https:\/\/www.linkedin.com\/in\/\u00e9ric-martin-829b1942\/","https:\/\/www.youtube.com\/channel\/UCri83d2EzZPZKZzZQSWnNVw"]}]}},"_links":{"self":[{"href":"https:\/\/www.a2m-diffusion.com\/index.php\/wp-json\/wp\/v2\/pages\/368035"}],"collection":[{"href":"https:\/\/www.a2m-diffusion.com\/index.php\/wp-json\/wp\/v2\/pages"}],"about":[{"href":"https:\/\/www.a2m-diffusion.com\/index.php\/wp-json\/wp\/v2\/types\/page"}],"author":[{"embeddable":true,"href":"https:\/\/www.a2m-diffusion.com\/index.php\/wp-json\/wp\/v2\/users\/1"}],"replies":[{"embeddable":true,"href":"https:\/\/www.a2m-diffusion.com\/index.php\/wp-json\/wp\/v2\/comments?post=368035"}],"version-history":[{"count":34,"href":"https:\/\/www.a2m-diffusion.com\/index.php\/wp-json\/wp\/v2\/pages\/368035\/revisions"}],"predecessor-version":[{"id":374108,"href":"https:\/\/www.a2m-diffusion.com\/index.php\/wp-json\/wp\/v2\/pages\/368035\/revisions\/374108"}],"wp:attachment":[{"href":"https:\/\/www.a2m-diffusion.com\/index.php\/wp-json\/wp\/v2\/media?parent=368035"}],"curies":[{"name":"wp","href":"https:\/\/api.w.org\/{rel}","templated":true}]}}